{"id":2657,"date":"2015-03-02T11:46:04","date_gmt":"2015-03-02T08:46:04","guid":{"rendered":"https:\/\/adsart.net\/?page_id=2657"},"modified":"2025-02-01T17:47:11","modified_gmt":"2025-02-01T17:47:11","slug":"derspektif-cozum-ortaklari","status":"publish","type":"page","link":"https:\/\/adsart.net\/derspektif-cozum-ortaklari\/","title":{"rendered":"Derspektif \u00c7\u00f6z\u00fcm Ortaklar\u0131"},"content":{"rendered":"","protected":false},"excerpt":{"rendered":"","protected":false},"author":1,"featured_media":0,"parent":0,"menu_order":0,"comment_status":"open","ping_status":"open","template":"","meta":{"footnotes":""},"class_list":["post-2657","page","type-page","status-publish","hentry"],"_links":{"self":[{"href":"https:\/\/adsart.net\/wp-json\/wp\/v2\/pages\/2657","targetHints":{"allow":["GET"]}}],"collection":[{"href":"https:\/\/adsart.net\/wp-json\/wp\/v2\/pages"}],"about":[{"href":"https:\/\/adsart.net\/wp-json\/wp\/v2\/types\/page"}],"author":[{"embeddable":true,"href":"https:\/\/adsart.net\/wp-json\/wp\/v2\/users\/1"}],"replies":[{"embeddable":true,"href":"https:\/\/adsart.net\/wp-json\/wp\/v2\/comments?post=2657"}],"version-history":[{"count":1,"href":"https:\/\/adsart.net\/wp-json\/wp\/v2\/pages\/2657\/revisions"}],"predecessor-version":[{"id":2658,"href":"https:\/\/adsart.net\/wp-json\/wp\/v2\/pages\/2657\/revisions\/2658"}],"wp:attachment":[{"href":"https:\/\/adsart.net\/wp-json\/wp\/v2\/media?parent=2657"}],"curies":[{"name":"wp","href":"https:\/\/api.w.org\/{rel}","templated":true}]}}