{"id":2841,"date":"2025-01-25T02:44:13","date_gmt":"2025-01-24T23:44:13","guid":{"rendered":"https:\/\/adsart.net\/?page_id=2841"},"modified":"2025-02-05T23:30:07","modified_gmt":"2025-02-05T20:30:07","slug":"gizlilik-ve-cerez-politikasi","status":"publish","type":"page","link":"https:\/\/adsart.net\/gizlilik-ve-cerez-politikasi\/","title":{"rendered":"Gizlilik ve \u00c7erez Politikas\u0131"},"content":{"rendered":"<h4 class=\"wp-block-post-title\">Gizlilik ve \u00c7erez Politikas\u0131<\/h4>\n\n<p>Bu G<strong>izlilik Ve \u00c7erez politikas\u0131 <\/strong>(\u201c<strong>Derspektif<\/strong> Web Sitesi\u201d) i\u00e7in haz\u0131rlanm\u0131\u015f olup yaln\u0131zca <strong>Derspektif<\/strong> Web Sitesi i\u00e7inde kullan\u0131c\u0131lara koruma sa\u011flamaktad\u0131r. <strong>Derspektif <\/strong>Web Sitesi s\u0131n\u0131rlar\u0131 d\u0131\u015f\u0131nda ya da <strong>Derspektif<\/strong> Web Sitesi\u2019 ne ba\u011flant\u0131l\u0131 olarak a\u00e7t\u0131\u011f\u0131n\u0131z linklerde l\u00fctfen a\u00e7\u0131lan siteye ili\u015fkin gizlilik ve \u00e7erez politikalar\u0131n\u0131 okuyunuz. <strong>Futurino Bilgi Sistemleri Ltd. \u015eti.<\/strong> <strong>Derspektif <\/strong>Web Sitesi haricindeki sitelere ve bu siteye ba\u011fl\u0131 olarak a\u00e7\u0131lan linklere ili\u015fkin hi\u00e7bir sorumluluk kabul etmemektedir.<\/p>\n<p>A\u015fa\u011f\u0131da belirtilmi\u015f olan <strong>Gizlilik Ve \u00c7erez Politikas\u0131<\/strong> sizin <strong>Derspektif<\/strong> Web Sitesi&#8217; ne vermi\u015f oldu\u011funuz bilgilerin, <strong>Derspektif<\/strong> Web Sitesi taraf\u0131ndan kullan\u0131lmas\u0131 ve gizli tutulmas\u0131na ili\u015fkin politikalar\u0131 i\u00e7ermektedir. <strong>Bu Gizlilik Ve \u00c7erez Politikas\u0131<\/strong>n\u0131 L\u00dcTFEN OKUYUNUZ. <strong>Gizlilik Ve \u00c7erez Politikas\u0131<\/strong>n\u0131n sizin i\u00e7in yeterli veya uygun olmad\u0131\u011f\u0131 kan\u0131s\u0131ndaysan\u0131z bu siteyi kullanmay\u0131n\u0131z. Siteyi kullanman\u0131z, bu G<strong>izlilik Ve \u00c7erez Politikas\u0131<\/strong>n\u0131 kabul etti\u011finiz anlam\u0131na gelecektir.<\/p>\n<p><b>Ki\u015fisel Nitelikli Olmayan Bilgiler<\/b><\/p>\n<p>Herhangi bir \u015fah\u0131sla do\u011frudan ili\u015fkisi olmayan veriler niteli\u011findeki ki\u015fisel olmayan bilgileriniz herhangi bir ama\u00e7 i\u00e7in toplanabilir, kullan\u0131labilir, aktar\u0131labilir veya a\u00e7\u0131klanabilir. \u0130statistik\u00ee verilerin elde edilmesi ve site hizmetinin bu verilere dayan\u0131larak geli\u015ftirilmesi amac\u0131yla sat\u0131\u015f durumu yahut site kullan\u0131m trafi\u011fi gibi bilgilerin 3. \u015fah\u0131slara verilebilece\u011fi, bu \u015fah\u0131slar taraf\u0131ndan kontrol edilebilece\u011fi, i\u015fbu verilerin gerekti\u011finde <strong>Derspektif<\/strong> Web Sitesi\u2019nde ve di\u011fer yay\u0131n ara\u00e7lar\u0131 arac\u0131l\u0131\u011f\u0131yla ilan edilebilece\u011fi, <strong>Derspektif<\/strong> Web Sitesi Kullan\u0131c\u0131s\u0131 taraf\u0131ndan kabul edilmektedir.<\/p>\n<p><b>Ki\u015fisel Bilgiler<\/b><\/p>\n<p><strong>Futurino Bilgi Sistemleri Ltd. \u015eti<\/strong>, Internet \u00fczerinde ki\u015fisel gizlili\u011finize sayg\u0131 g\u00f6stermektedir. <strong>Futurino Bilgi Sistemleri Ltd. \u015eti,<\/strong> taraf\u0131n\u0131zdan sa\u011flanan bilgileri gerekti\u011fi \u00f6l\u00e7\u00fcde ve yerde son derece dikkatli ve gizli bir bi\u00e7imde size hizmet ama\u00e7l\u0131 kullanacakt\u0131r. <strong>Futurino Bilgi Sistemleri Ltd. \u015eti,<\/strong> taraf\u0131n\u0131zdan sa\u011flanan bilgileri <strong>Derspektif<\/strong> Web Sitesi kullan\u0131m\u0131n\u0131 \u00f6l\u00e7mek, istek ve sorular\u0131n\u0131za yan\u0131t vermek, bu y\u00f6nde <strong>Derspektif<\/strong> Web Sitesi i\u00e7eri\u011fini geli\u015ftirmek, \u00e7e\u015fitli forumlar ve interaktif m\u00fc\u015fteri hizmetlerini y\u00f6netebilmek amac\u0131yla kullanmaktad\u0131r. Bu bilgiler sizin taleplerinizi kar\u015f\u0131lamak veya yeni \u00fcr\u00fcnler, hizmetler veya tan\u0131t\u0131mlar hakk\u0131nda sizi posta, e-posta veya telefon yoluyla bilgilendirmek amac\u0131yla kullanabilir.<\/p>\n<p><strong>Futurino Bilgi Sistemleri Ltd. \u015eti, Derspektif<\/strong> Web Sitesinden bir \u00fcr\u00fcn i\u00e7in sipari\u015f verdi\u011finiz, bir hizmet talep etti\u011finiz veya bu <strong>Derspektif<\/strong> Web Sitesi\u2019 nin uygulamalar\u0131ndan yararland\u0131\u011f\u0131n\u0131 durumda ilave bilgiler i\u00e7in sizinle temasa ge\u00e7mek isteyebilir. Bu beyanatta belirtilen veya a\u00e7\u0131klananlar d\u0131\u015f\u0131nda bilgileriniz, ba\u015fkalar\u0131na sat\u0131lmayacak, kiralamayacak veya ba\u015fkalar\u0131yla payla\u015f\u0131lmayacakt\u0131r. Toplad\u0131\u011f\u0131m\u0131z ki\u015fisel bilgiler sizin isteklerinizi kar\u015f\u0131lamak, bir sipari\u015fi i\u015fleme koymak veya \u00f6zel hesap bilgilerinize eri\u015fiminizi sa\u011flamak amac\u0131yla kullan\u0131lacakt\u0131r. Bu do\u011frultuda sizin de, <strong>Derspektif <\/strong>Web Sitesi\u2019nin taraf\u0131n\u0131za tahsis etmi\u015f oldu\u011fu \u015fifreleri herhangi bir \u015fekilde bir ba\u015fkas\u0131na vermemeniz b\u00fcy\u00fck \u00f6nem arz etmektedir. Aksi takdirde ba\u015fka bir kullan\u0131c\u0131ya vermi\u015f oldu\u011funuz \u015fifreniz nedeni ile a\u00e7\u0131\u011fa \u00e7\u0131km\u0131\u015f olan ki\u015fisel bilgilerinizden <strong>Derspektif<\/strong> Web Sitesi sorumlu olmayacakt\u0131r.<\/p>\n<p><b>D\u00fczeltme\/Yenileme\/Sildirme<\/b><\/p>\n<p>Kullan\u0131c\u0131lar\u0131m\u0131z sitemizde kay\u0131tl\u0131 olan t\u00fcm bilgilerini diledi\u011finde de\u011fi\u015ftirme hakk\u0131na sahiptir. \u00dcyeliklerini sonland\u0131rd\u0131klar\u0131nda isteklerine ba\u011fl\u0131 olarak sistemimizden kay\u0131tlar\u0131n\u0131 sildirebilirler.<\/p>\n<p><b>Bilgi Edinme Ara\u00e7lar\u0131<\/b><\/p>\n<p>\u0130nternet sitemizden en verimli \u015fekilde faydalanabilmeniz ve kullan\u0131c\u0131 deneyiminizi geli\u015ftirebilmek i\u00e7in \u00c7erez kullan\u0131yoruz. \u00c7erez kullan\u0131lmas\u0131n\u0131 tercih etmezseniz taray\u0131c\u0131n\u0131z\u0131n ayarlar\u0131ndan \u00c7erezleri silebilir ya da engelleyebilirsiniz.<\/p>\n<p><b>\u00c7erez Nedir?<\/b><\/p>\n<p><strong>\u00c7erezler<\/strong> (<strong>cookie<\/strong>) bir web sitesi taraf\u0131ndan cihaz\u0131n\u0131zda olu\u015fturulan ve veri bar\u0131nd\u0131ran k\u00fc\u00e7\u00fck metin dosyalar\u0131d\u0131r. \u00c7erezler, ziyaret etti\u011finiz web sitesinin KEND\u0130 cihaz\u0131n\u0131zda bilgi saklamas\u0131n\u0131 ve bu bilgileri sonraki ziyaretleriniz s\u0131ras\u0131nda kullanmas\u0131n\u0131 m\u00fcmk\u00fcn k\u0131lmaktad\u0131r. Bir web sitesi taraf\u0131ndan olu\u015fturulan \u00e7erezler siteye eri\u015fim i\u00e7in kulland\u0131\u011f\u0131n\u0131z web taray\u0131c\u0131s\u0131 taraf\u0131ndan saklanmaktad\u0131r; bu \u00e7erezlerin i\u00e7erdi\u011fi bilgilere sadece \u00e7erezi olu\u015fturan alan ad\u0131 alt\u0131nda sunulan web siteleri taraf\u0131ndan ve ayn\u0131 taray\u0131c\u0131y\u0131 kulland\u0131\u011f\u0131n\u0131z takdirde uzaktan eri\u015fim m\u00fcmk\u00fcnd\u00fcr. \u00c7erezlerin temel i\u015flevleri ziyaret\u00e7inin ve tercihlerinin hat\u0131rlanmas\u0131 ve cihaz\u0131n\u0131n tan\u0131nmas\u0131d\u0131r; neredeyse her web sitesinde \u00e7erez kullan\u0131m\u0131 s\u00f6z konusudur.<\/p>\n<p><b>\u00c7erez Kullan\u0131lmas\u0131n\u0131n Ama\u00e7lar\u0131;<\/b><\/p>\n<ol>\n<li>\u0130nternet sitesinin i\u015flevselli\u011fini ve performans\u0131n\u0131 artt\u0131rmak yoluyla sizlere sunulan hizmetleri geli\u015ftirmek,<\/li>\n<li>Al\u0131\u015fveri\u015f sepetinizin takibi ve ayn\u0131 uygulamalar\u0131n ardarda g\u00f6r\u00fclmesinin engellenmesi,<\/li>\n<li>\u0130lgi alanlar\u0131n\u0131z do\u011frultusunda i\u00e7erik sunulmas\u0131 ve tekrar \u015fifre girmemeniz i\u00e7in \u015fifrenizin saklanmas\u0131,<\/li>\n<li>\u0130nternet Sitesini iyile\u015ftirmek ve \u0130nternet Sitesi \u00fczerinden yeni \u00f6zellikler sunmak ve bunlar\u0131 kullan\u0131c\u0131lar\u0131n tercihlerinize g\u00f6re ki\u015fiselle\u015ftirilmesi,<\/li>\n<li>\u0130nternet Sitesinin, sizin ve <strong>Futurino<\/strong>\u2019nun hukuki ve ticari g\u00fcvenli\u011fini sa\u011flamak.<\/li>\n<\/ol>\n<p>\u00c7erezler \u00fczerinden toplad\u0131\u011f\u0131m\u0131z veriler kimli\u011finizin belirlenmesi, \u015fahs\u0131n\u0131z \u00f6zelinde profilleme yap\u0131lmas\u0131 veya Site haricindeki web sitelerindeki faaliyetlerinizin takibi amac\u0131yla kullan\u0131lmamaktad\u0131r. \u00c7erezler, ziyaret\u00e7ilere ili\u015fkin isim, cinsiyet veya adres gibi ki\u015fisel verileri i\u00e7ermezler. \u00c7erezler konusunda daha detayl\u0131 bilgi i\u00e7in <strong>www.aboutcookies.org<\/strong> adresini ziyaret edebilirisiniz. Politika ile ilgili t\u00fcm soru ve g\u00f6r\u00fc\u015flerinizi bize iletmek i\u00e7in \u2018Bize Ula\u015f\u0131n\u2019 b\u00f6l\u00fcm\u00fcn\u00fc kullanabilirsiniz.<\/p>\n<p>\u00c7erezlerin <strong>Derspektif<\/strong> Web Sitesi&#8217; ne de\u011fil bilgisayar\u0131n\u0131za kaydedildiklerini hat\u0131rlat\u0131r\u0131z. \u00c7erezleri almak istiyor ve ne zaman al\u0131nd\u0131klar\u0131n\u0131 bilmek istiyorsan\u0131z, taray\u0131c\u0131n\u0131z\u0131 s\u00f6z konusu \u00f6zelli\u011fe sahip olmas\u0131 ko\u015fuluyla bir \u00e7erez ald\u0131\u011f\u0131n\u0131zda sizi uyaracak \u015fekilde yap\u0131land\u0131rabilirsiniz.<\/p>\n<p><strong>\u00c7erezlerin Kullan\u0131m\u0131 Veri Sahipleri Taraf\u0131ndan Engellenmesi;<\/strong><\/p>\n<p>Taray\u0131c\u0131n\u0131z\u0131n ayarlar\u0131n\u0131 a\u015fa\u011f\u0131daki tablodan ilgili link\u2019e t\u0131klayarak de\u011fi\u015ftirerek \u00e7erezlere ili\u015fkin tercihlerinizi ki\u015fiselle\u015ftirebilirsiniz.<\/p>\n<ul>\n<li>Google Chrome<\/li>\n<li>Internet Explorer<\/li>\n<li>Mozilla Firefox<\/li>\n<li>Opera<\/li>\n<li>Safari<\/li>\n<li>Microsoft Edge<\/li>\n<\/ul>\n<p>Bilgilerin Do\u011frulu\u011fu ve 18 ya\u015f\u0131ndan k\u00fc\u00e7\u00fckler<\/p>\n<p><strong>Futurino Bilgi Sistemleri Ltd. \u015eti.<\/strong> site kullan\u0131c\u0131lar\u0131n\u0131n <strong>Derspektif<\/strong> Web Sitesi&#8217; ne vermi\u015f oldu\u011fu bilgilerin do\u011frulu\u011fundan sorumlu de\u011fildir. Bu ba\u011flamda bir velinin ya da yasal vasinin izni olmaks\u0131z\u0131n 18 ya\u015f\u0131n\u0131 doldurmam\u0131\u015f \u015fah\u0131slar y\u00fcr\u00fcrl\u00fckteki mevzuat izin vermedik\u00e7e, bahsedilen t\u00fcrde bir izin olmaks\u0131z\u0131n bu <strong>Derspektif<\/strong> Web Sitesi&#8217; nden sat\u0131n alma i\u015flemini ve sair i\u015flemleri ger\u00e7ekle\u015ftiremez. Ki\u015fisel bilgilerini bu y\u00f6nde yanl\u0131\u015f vermek sureti ile yukar\u0131da belirtilen \u015fartlara uymayan bir \u015fahs\u0131n, <strong>Derspektif<\/strong> Web Sitesi\u2019 nden al\u0131\u015fveri\u015f yapmas\u0131 durumunda sitemiz s\u00f6z konusu eylemden sorumlu tutulamaz.<\/p>\n<p><strong>G\u00fcvenlik<\/strong><\/p>\n<p><strong>Futurino Bilgi Sistemleri Ltd. \u015eti. bu<\/strong> <strong>Derspektif<\/strong> Web Sitesi\u2019nde teknolojinin sa\u011flam\u0131\u015f oldu\u011fu en geni\u015f g\u00fcvenlik \u00f6nlemlerini alm\u0131\u015f bulunmakta ve <strong>Derspektif<\/strong> Web Sitesi G\u00fcvenli\u011fini bu geli\u015fimlere g\u00f6re yenilemektedir. Ancak g\u00fcn\u00fcm\u00fcz teknolojisinde en geli\u015fmi\u015f g\u00fcvenlik \u00f6nlemlerinin dahi riski tamamen ortadan kald\u0131rmad\u0131\u011f\u0131n\u0131 siz kullan\u0131c\u0131lar\u0131m\u0131za hat\u0131rlatmak isteriz. Bu do\u011frultuda <strong>Derspektif<\/strong> Web Sitesi gibi geli\u015fmi\u015f g\u00fcvenlik duvar\u0131na sahip sitelerin dahi \u201c<strong>hacker<\/strong>\u201d korumal\u0131 olmad\u0131klar\u0131n\u0131 ancak s\u00f6z konusu \u015fah\u0131slar\u0131n bilgilerinize yetkisiz olarak eri\u015fimlerini engellemek i\u00e7in t\u00fcm teknolojik geli\u015fmelerden yararland\u0131\u011f\u0131m\u0131z\u0131 tekrar vurgulamak isteriz.<\/p>\n<p><strong>Kullan\u0131c\u0131n\u0131n Dikkat Etmesi Gereken Hususlar:<\/strong> Sitenin ald\u0131\u011f\u0131 t\u00fcm g\u00fcvenlik \u00f6nlemlerinin yan\u0131 s\u0131ra kullan\u0131c\u0131n\u0131n da baz\u0131 g\u00fcvenlik tedbirlerini almas\u0131 \u00f6nemlidir. Taray\u0131c\u0131n\u0131z\u0131n g\u00fcvenlik ayarlar\u0131n\u0131n en \u00fcst seviyede ve g\u00fcncel oldu\u011fundan, gerekli anti vir\u00fcs vb. yaz\u0131l\u0131mlar\u0131n\u0131n y\u00fcklendi\u011finden, \u015fifre ya da \u00f6nemli ki\u015fisel bilgilerinizin bilgisayar\u0131n\u0131zda yaz\u0131l\u0131 olarak bulunmad\u0131\u011f\u0131ndan emin olunuz.<\/p>\n<p><strong>Sosyal Medya<\/strong><\/p>\n<p>Sitemiz i\u00e7erisinde kullan\u0131c\u0131lar\u0131n serbest\u00e7e ve \u00fccretli kullanabilecekleri etkile\u015fimli bilgi payla\u015f\u0131m\u0131 ortamlar\u0131 bulunmaktad\u0131r. Burada verilen bilgilerin 3. \u015fah\u0131slara a\u00e7\u0131k bilgiler haline geldi\u011fi unutulmamal\u0131d\u0131r. Bu alanlarda ki\u015fisel bilgilerinizi verirken bu hususu g\u00f6z \u00f6n\u00fcnde bulundurman\u0131z gerekmektedir.<\/p>\n<p><strong>Anket ve Yar\u0131\u015fmalar<\/strong><\/p>\n<p>Zaman zaman <strong>Derspektif<\/strong> Web Sitesi kullan\u0131c\u0131lardan anketler veya yar\u0131\u015fmalar arac\u0131l\u0131\u011f\u0131yla bilgiler talep edebilir. Bu anketlere veya yar\u0131\u015fmalara kat\u0131l\u0131m tamamen g\u00f6n\u00fcll\u00fcl\u00fck ilkesine dayanmaktad\u0131r ve dolay\u0131s\u0131yla kullan\u0131c\u0131 bu bilgileri a\u00e7\u0131klamakta veya a\u00e7\u0131klamamakta tamamen \u00f6zg\u00fcrd\u00fcr. \u0130stenilen bilgiler; ileti\u015fim bilgileri (ad ve adres gibi) ve demografik bilgileri (cinsiyet, ya\u015f gibi) i\u00e7erebilir. \u0130leti\u015fim bilgileri kazananlar\u0131 bilgilendirmek ve \u00f6d\u00fclleri g\u00f6ndermek i\u00e7in kullan\u0131lacakt\u0131r. Anket bilgileri, sitenin fonksiyonelli\u011fini ve kullan\u0131c\u0131 memnuniyetini izlemek ve geli\u015ftirmek amac\u0131yla kullan\u0131lacakt\u0131r. Toplanan demografik bilgiler pazarlama amac\u0131yla kullan\u0131lmamaktad\u0131r.<\/p>\n<p><strong>Di\u011fer Hizmet Sa\u011flay\u0131c\u0131lar\u0131<\/strong><\/p>\n<p><strong>Futurino<\/strong> belirli hizmetlerin size daha verimli bir bi\u00e7imde sunulabilmesi amac\u0131yla \u00fc\u00e7\u00fcnc\u00fc ki\u015filerle i\u015fbirli\u011fi yapabilmektedir. Kullan\u0131c\u0131, bu hizmetlere kay\u0131t oldu\u011funda bu hizmeti sa\u011flayacak \u00fc\u00e7\u00fcnc\u00fc ki\u015filerin s\u00f6z konusu hizmetleri verebilmesi ad\u0131na kullan\u0131c\u0131 ismi ve di\u011fer ki\u015fisel bilgilerin s\u00f6z konusu sa\u011flay\u0131c\u0131lara verilece\u011fini \u015fimdiden kabul eder. Gizlilik Politikas\u0131n\u0131n bu k\u0131sm\u0131n\u0131 kabul etmeyen kullan\u0131c\u0131lar s\u00f6z konusu hizmetler i\u00e7in ba\u015fvuramazlar. Buna mukabil verilen bilgilerin yukar\u0131da belirtilen sa\u011flay\u0131c\u0131lar taraf\u0131ndan sunulan hizmetler d\u0131\u015f\u0131nda ba\u015fka bir ama\u00e7la kullan\u0131lmayaca\u011f\u0131n\u0131 ve bu hususta yetkili olmad\u0131klar\u0131n\u0131 bilmelidirler.<\/p>\n<p><strong>De\u011fi\u015fiklikler<\/strong><\/p>\n<p><strong>Futurino Bilgi Sistemleri Ltd. \u015eti.<\/strong> herhangi bir uyar\u0131ya gerek olmaks\u0131z\u0131n i\u015fbu Gizlilik Politikas\u0131n\u0131 de\u011fi\u015ftirebilir veya geli\u015ftirebilir veya bu siteye veya bu sayfalar\u0131n i\u00e7eriklerine eri\u015fimi engelleyebilir. Yap\u0131lan de\u011fi\u015fikliklerden haberdar olman\u0131z a\u00e7\u0131s\u0131ndan i\u015fbu <strong>G\u00fcvenlik Politikas\u0131\u2019n\u0131<\/strong> d\u00fczenli olarak g\u00f6zden ge\u00e7irmeniz tavsiye edilmektedir.<\/p>\n<p><strong>\u0130\u00e7 ve D\u0131\u015f Linkler<\/strong><\/p>\n<p><strong>Futurino Bilgi Sistemleri Ltd. \u015eti.<\/strong> yaln\u0131zca kendisi gibi y\u00fcksek standartlar\u0131 ve gizlilik politikalar\u0131na sahip sitelere link vermeye \u00e7al\u0131\u015fmakta, bununla birlikte bir\u00e7ok di\u011fer siteye linkler i\u00e7ermektedir. Bu meyanda di\u011fer sitelerin uygulad\u0131klar\u0131 gizlilik uygulamalar\u0131 veya i\u00e7erikleri kullan\u0131c\u0131 taraf\u0131ndan derhal kontrol edilmelidir. Di\u011fer sitelerin gizlilik uygulamalar\u0131 i\u00e7in <strong>Futurino Bilgi Sistemleri Ltd. \u015eti.<\/strong> sorumlu de\u011fildir.<\/p>\n<p><strong>Futurino Bilgi Sistemleri Ltd. \u015eti.<\/strong> olarak ziyaret\u00e7ilerimizin hizmetlerimiz ve politikalar\u0131m\u0131z hakk\u0131ndaki fikirlerini \u00f6\u011frenmek bizim i\u00e7in \u00f6nemlidir. E\u011fer <strong>Derspektif<\/strong> Web Sitesi ziyaret\u00e7ilerinin i\u015fbu <strong>Gizlilik Politikas\u0131<\/strong> hakk\u0131nda sorular\u0131, endi\u015feleri veya \u015fik\u00e2yetleri varsa sitede yer alan &#8220;\u0130leti\u015fim&#8221; formunu kullanabilirler.<\/p>","protected":false},"excerpt":{"rendered":"<p>Bu Gizlilik Ve \u00c7erez politikas\u0131 (\u201cDerspektif Web Sitesi\u201d) i\u00e7in haz\u0131rlanm\u0131\u015f olup yaln\u0131zca Derspektif Web Sitesi i\u00e7inde kullan\u0131c\u0131lara koruma sa\u011flamaktad\u0131r. Derspektif Web Sitesi s\u0131n\u0131rlar\u0131 d\u0131\u015f\u0131nda ya da<span class=\"excerpt-hellip\"> [\u2026]<\/span><\/p>\n","protected":false},"author":1,"featured_media":0,"parent":0,"menu_order":0,"comment_status":"closed","ping_status":"closed","template":"","meta":{"footnotes":""},"class_list":["post-2841","page","type-page","status-publish","hentry"],"_links":{"self":[{"href":"https:\/\/adsart.net\/wp-json\/wp\/v2\/pages\/2841","targetHints":{"allow":["GET"]}}],"collection":[{"href":"https:\/\/adsart.net\/wp-json\/wp\/v2\/pages"}],"about":[{"href":"https:\/\/adsart.net\/wp-json\/wp\/v2\/types\/page"}],"author":[{"embeddable":true,"href":"https:\/\/adsart.net\/wp-json\/wp\/v2\/users\/1"}],"replies":[{"embeddable":true,"href":"https:\/\/adsart.net\/wp-json\/wp\/v2\/comments?post=2841"}],"version-history":[{"count":8,"href":"https:\/\/adsart.net\/wp-json\/wp\/v2\/pages\/2841\/revisions"}],"predecessor-version":[{"id":2986,"href":"https:\/\/adsart.net\/wp-json\/wp\/v2\/pages\/2841\/revisions\/2986"}],"wp:attachment":[{"href":"https:\/\/adsart.net\/wp-json\/wp\/v2\/media?parent=2841"}],"curies":[{"name":"wp","href":"https:\/\/api.w.org\/{rel}","templated":true}]}}